{"id":1516,"date":"2021-03-23T15:16:07","date_gmt":"2021-03-23T15:16:07","guid":{"rendered":"http:\/\/www.lipaconsultancy.com\/newsite\/?page_id=1516"},"modified":"2021-06-09T21:20:02","modified_gmt":"2021-06-09T21:20:02","slug":"danismanlik","status":"publish","type":"page","link":"http:\/\/kaanhurelli.com\/lipanew\/danismanlik\/","title":{"rendered":"DANI\u015eMANLIK"},"content":{"rendered":"<p>[vc_row css=&#8221;.vc_custom_1619729355713{margin-bottom: 2px !important;}&#8221;][vc_column width=&#8221;1\/4&#8243; css=&#8221;.vc_custom_1521560168480{margin-bottom: 10px !important;}&#8221;]\n\t\t\t<ul class=\"sub-menu  mega-menu-list\" >\n\t\t\t\t<li class=\" item-with-label item-label-\">\n\t\t\t\t\t<a href=\"#\" title=\"\">\n\t\t\t\t\t\tORGAN\u0130ZASYON\t\t\t\t\t\t\t\t\t\t\t<\/a>\n\t\t\t\t\t<ul class=\"sub-sub-menu\">\n\t\t\t\t\t\t\n\t\t\t<li class=\" item-with-label item-label- \">\n\t\t\t\t<a href=\"http:\/\/kaanhurelli.com\/lipanew\/danismanlik\/organizasyon\/kurumsal-yeniden-yapilandirma\/\" title=\"KURUMSAL YEN\u0130DEN YAPILANDIRMA\">\n\t\t\t\t\tKurumsal Yeniden Yap\u0131land\u0131rma\t\t\t\t\t\t\t\t\t<\/a>\n\t\t\t<\/li>\n\n\t\t\n\t\t\t<li class=\" item-with-label item-label- \">\n\t\t\t\t<a href=\"http:\/\/kaanhurelli.com\/lipanew\/danismanlik\/organizasyon\/insan-kaynaklari-yonetimi\/\" title=\"\u0130NSAN KAYNAKLARI Y\u00d6NET\u0130M\u0130\">\n\t\t\t\t\t\u0130nsan Kaynaklar\u0131 Y\u00f6netimi\t\t\t\t\t\t\t\t\t<\/a>\n\t\t\t<\/li>\n\n\t\t\n\t\t\t<li class=\" item-with-label item-label- \">\n\t\t\t\t<a href=\"http:\/\/kaanhurelli.com\/lipanew\/danismanlik\/organizasyon\/performans-yonetimi\/\" title=\"PERFORMANS Y\u00d6NET\u0130M\u0130\">\n\t\t\t\t\tPerformans Y\u00f6netimi\t\t\t\t\t\t\t\t\t<\/a>\n\t\t\t<\/li>\n\n\t\t\n\t\t\t<li class=\" item-with-label item-label- \">\n\t\t\t\t<a href=\"http:\/\/kaanhurelli.com\/lipanew\/danismanlik\/organizasyon\/personel-bulma-ve-istihdam\/\" title=\"PERSONEL BULMA VE \u0130ST\u0130HDAM\">\n\t\t\t\t\tPersonel Bulma ve \u0130stihdam\t\t\t\t\t\t\t\t\t<\/a>\n\t\t\t<\/li>\n\n\t\t\t\t\t\t\t<\/ul>\n\t\t\t\t<\/li>\n\t\t\t<\/ul>\n\n\t\t[\/vc_column][vc_column width=&#8221;1\/4&#8243; css=&#8221;.vc_custom_1521560172738{margin-bottom: 10px !important;}&#8221;]\n\t\t\t<ul class=\"sub-menu  mega-menu-list\" >\n\t\t\t\t<li class=\" item-with-label item-label-\">\n\t\t\t\t\t<a href=\"#\" title=\"STRATEJ\u0130\">\n\t\t\t\t\t\tSTRATEJ\u0130\t\t\t\t\t\t\t\t\t\t\t<\/a>\n\t\t\t\t\t<ul class=\"sub-sub-menu\">\n\t\t\t\t\t\t\n\t\t\t<li class=\" item-with-label item-label- \">\n\t\t\t\t<a href=\"http:\/\/kaanhurelli.com\/lipanew\/danismanlik\/strateji\/\" title=\"STRATEJ\u0130\">\n\t\t\t\t\tStratejik Planlama\t\t\t\t\t\t\t\t\t<\/a>\n\t\t\t<\/li>\n\n\t\t\t\t\t\t\t<\/ul>\n\t\t\t\t<\/li>\n\t\t\t<\/ul>\n\n\t\t[vc_separator]\n\t\t\t<ul class=\"sub-menu  mega-menu-list\" >\n\t\t\t\t<li class=\" item-with-label item-label-\">\n\t\t\t\t\t<a href=\"http:\/\/kaanhurelli.com\/lipanew\/danismanlik\/yatirim\/\" title=\"YATIRIM\">\n\t\t\t\t\t\tYATIRIM\t\t\t\t\t\t\t\t\t\t\t<\/a>\n\t\t\t\t\t<ul class=\"sub-sub-menu\">\n\t\t\t\t\t\t\n\t\t\t<li class=\" item-with-label item-label- \">\n\t\t\t\t<a href=\"http:\/\/kaanhurelli.com\/lipanew\/danismanlik\/yatirim\/perakende-lokasyon-danismanligi\/\" title=\"PERAKENDE LOKASYON DANI\u015eMANLI\u011eI\">\n\t\t\t\t\tPerakende Lokasyon Dan\u0131\u015fmanl\u0131\u011f\u0131\t\t\t\t\t\t\t\t\t<\/a>\n\t\t\t<\/li>\n\n\t\t\n\t\t\t<li class=\" item-with-label item-label- \">\n\t\t\t\t<a href=\"http:\/\/kaanhurelli.com\/lipanew\/danismanlik\/yatirim\/is-plani-ve-fizibilite\/\" title=\"\u0130\u015e PLANI VE F\u0130Z\u0130B\u0130L\u0130TE\">\n\t\t\t\t\t\u0130\u015f Plan\u0131 ve Fizibilite\t\t\t\t\t\t\t\t\t<\/a>\n\t\t\t<\/li>\n\n\t\t\t\t\t\t\t<\/ul>\n\t\t\t\t<\/li>\n\t\t\t<\/ul>\n\n\t\t[\/vc_column][vc_column width=&#8221;1\/4&#8243; css=&#8221;.vc_custom_1521560177193{margin-bottom: 10px !important;}&#8221;]\n\t\t\t<ul class=\"sub-menu  mega-menu-list\" >\n\t\t\t\t<li class=\" item-with-label item-label-\">\n\t\t\t\t\t<a href=\"#\" title=\"OPERASYON\">\n\t\t\t\t\t\tOPERASYON\t\t\t\t\t\t\t\t\t\t\t<\/a>\n\t\t\t\t\t<ul class=\"sub-sub-menu\">\n\t\t\t\t\t\t\n\t\t\t<li class=\" item-with-label item-label- \">\n\t\t\t\t<a href=\"http:\/\/kaanhurelli.com\/lipanew\/danismanlik\/operasyon\/surec-yonetimi-ve-surec-iyilestirme\/\" title=\"S\u00dcRE\u00c7 Y\u00d6NET\u0130M\u0130 VE S\u00dcRE\u00c7 \u0130Y\u0130LE\u015eT\u0130RME\">\n\t\t\t\t\tOperasyon Verimlili\u011fi ve S\u00fcre\u00e7 \u0130yile\u015ftirme\t\t\t\t\t\t\t\t\t<\/a>\n\t\t\t<\/li>\n\n\t\t\n\t\t\t<li class=\" item-with-label item-label- \">\n\t\t\t\t<a href=\"http:\/\/kaanhurelli.com\/lipanew\/danismanlik\/operasyon\/yonetim-sistemleri-danismanligi\/\" title=\"Y\u00d6NET\u0130M S\u0130STEMLER\u0130 DANI\u015eMANLI\u011eI\">\n\t\t\t\t\tY\u00f6netim Sistemleri Dan\u0131\u015fmanl\u0131\u011f\u0131\t\t\t\t\t\t\t\t\t<\/a>\n\t\t\t<\/li>\n\n\t\t\n\t\t\t<li class=\" item-with-label item-label- \">\n\t\t\t\t<a href=\"http:\/\/kaanhurelli.com\/lipanew\/danismanlik\/operasyon\/ce-belgesi\/\" title=\"CE BELGES\u0130\">\n\t\t\t\t\tCE Belgesi\t\t\t\t\t\t\t\t\t<\/a>\n\t\t\t<\/li>\n\n\t\t\n\t\t\t<li class=\" item-with-label item-label- \">\n\t\t\t\t<a href=\"http:\/\/kaanhurelli.com\/lipanew\/danismanlik\/operasyon\/tedarikci-denetimleri\/\" title=\"TEDAR\u0130K\u00c7\u0130 DENET\u0130MLER\u0130\">\n\t\t\t\t\tTedarik\u00e7i Denetimleri\t\t\t\t\t\t\t\t\t<\/a>\n\t\t\t<\/li>\n\n\t\t\t\t\t\t\t<\/ul>\n\t\t\t\t<\/li>\n\t\t\t<\/ul>\n\n\t\t[\/vc_column][vc_column width=&#8221;1\/4&#8243;]\n\t\t\t<ul class=\"sub-menu  mega-menu-list\" >\n\t\t\t\t<li class=\" item-with-label item-label-\">\n\t\t\t\t\t<a href=\"#\" title=\"SATI\u015e VE PAZARLAMA\">\n\t\t\t\t\t\tSATI\u015e VE PAZARLAMA\t\t\t\t\t\t\t\t\t\t\t<\/a>\n\t\t\t\t\t<ul class=\"sub-sub-menu\">\n\t\t\t\t\t\t\n\t\t\t<li class=\" item-with-label item-label- \">\n\t\t\t\t<a href=\"http:\/\/kaanhurelli.com\/lipanew\/danismanlik\/satis-ve-pazarlama\/pazarlama-stratejisi\/\" title=\"PAZARLAMA STRATEJ\u0130S\u0130\">\n\t\t\t\t\tPazarlama Stratejisi\t\t\t\t\t\t\t\t\t<\/a>\n\t\t\t<\/li>\n\n\t\t\n\t\t\t<li class=\" item-with-label item-label- \">\n\t\t\t\t<a href=\"http:\/\/kaanhurelli.com\/lipanew\/danismanlik\/satis-ve-pazarlama\/satis-kanali-organizasyonu\/\" title=\"SATI\u015e KANALI ORGAN\u0130ZASYONU\">\n\t\t\t\t\tSat\u0131\u015f Kanal\u0131 Organizasyonu\t\t\t\t\t\t\t\t\t<\/a>\n\t\t\t<\/li>\n\n\t\t\n\t\t\t<li class=\" item-with-label item-label- \">\n\t\t\t\t<a href=\"http:\/\/kaanhurelli.com\/lipanew\/danismanlik\/satis-ve-pazarlama\/maliyetlendirme-ve-karlilik-analizi\/\" title=\"MAL\u0130YETLEND\u0130RME VE KARLILIK ANAL\u0130Z\u0130\">\n\t\t\t\t\tMaliyetlendirme ve Karl\u0131l\u0131k Analizi\t\t\t\t\t\t\t\t\t<\/a>\n\t\t\t<\/li>\n\n\t\t\t\t\t\t\t<\/ul>\n\t\t\t\t<\/li>\n\t\t\t<\/ul>\n\n\t\t[\/vc_column][\/vc_row]<\/p>\n","protected":false},"excerpt":{"rendered":"<p>[vc_row css=&#8221;.vc_custom_1619729355713{margin-bottom: 2px !important;}&#8221;][vc_column width=&#8221;1\/4&#8243; css=&#8221;.vc_custom_1521560168480{margin-bottom: 10px !important;}&#8221;][\/vc_column][vc_column width=&#8221;1\/4&#8243; css=&#8221;.vc_custom_1521560172738{margin-bottom: 10px !important;}&#8221;][vc_separator][\/vc_column][vc_column width=&#8221;1\/4&#8243; css=&#8221;.vc_custom_1521560177193{margin-bottom: 10px !important;}&#8221;][\/vc_column][vc_column width=&#8221;1\/4&#8243;][\/vc_column][\/vc_row]<\/p>\n","protected":false},"author":1,"featured_media":0,"parent":0,"menu_order":0,"comment_status":"closed","ping_status":"closed","template":"","meta":{"footnotes":""},"class_list":["post-1516","page","type-page","status-publish","hentry"],"_links":{"self":[{"href":"http:\/\/kaanhurelli.com\/lipanew\/wp-json\/wp\/v2\/pages\/1516","targetHints":{"allow":["GET"]}}],"collection":[{"href":"http:\/\/kaanhurelli.com\/lipanew\/wp-json\/wp\/v2\/pages"}],"about":[{"href":"http:\/\/kaanhurelli.com\/lipanew\/wp-json\/wp\/v2\/types\/page"}],"author":[{"embeddable":true,"href":"http:\/\/kaanhurelli.com\/lipanew\/wp-json\/wp\/v2\/users\/1"}],"replies":[{"embeddable":true,"href":"http:\/\/kaanhurelli.com\/lipanew\/wp-json\/wp\/v2\/comments?post=1516"}],"version-history":[{"count":6,"href":"http:\/\/kaanhurelli.com\/lipanew\/wp-json\/wp\/v2\/pages\/1516\/revisions"}],"predecessor-version":[{"id":2024,"href":"http:\/\/kaanhurelli.com\/lipanew\/wp-json\/wp\/v2\/pages\/1516\/revisions\/2024"}],"wp:attachment":[{"href":"http:\/\/kaanhurelli.com\/lipanew\/wp-json\/wp\/v2\/media?parent=1516"}],"curies":[{"name":"wp","href":"https:\/\/api.w.org\/{rel}","templated":true}]}}