{"id":1518,"date":"2021-03-23T15:17:21","date_gmt":"2021-03-23T15:17:21","guid":{"rendered":"http:\/\/www.lipaconsultancy.com\/newsite\/?page_id=1518"},"modified":"2021-06-12T12:11:17","modified_gmt":"2021-06-12T12:11:17","slug":"raporlar","status":"publish","type":"page","link":"http:\/\/kaanhurelli.com\/lipanew\/raporlar\/","title":{"rendered":"RAPORLAR"},"content":{"rendered":"<p>[vc_row][vc_column width=&#8221;1\/3&#8243;][vc_single_image image=&#8221;1839&#8243; img_size=&#8221;full&#8221; style=&#8221;vc_box_border&#8221; onclick=&#8221;custom_link&#8221; img_link_target=&#8221;_blank&#8221; css_animation=&#8221;slideInUp&#8221; link=&#8221;http:\/\/kaanhurelli.com\/lipanew\/wp-content\/uploads\/2021\/05\/Lipa_Covid-19-Isletme-Anketi-2-Kasim-2020-RAPOR.pdf&#8221; css=&#8221;.vc_custom_1622490902237{border-radius: 1px !important;}&#8221;][\/vc_column][vc_column width=&#8221;1\/3&#8243;][vc_single_image image=&#8221;1849&#8243; img_size=&#8221;full&#8221; style=&#8221;vc_box_border&#8221; onclick=&#8221;custom_link&#8221; img_link_target=&#8221;_blank&#8221; css_animation=&#8221;slideInUp&#8221; link=&#8221;http:\/\/kaanhurelli.com\/lipanew\/wp-content\/uploads\/2021\/05\/Lipa_Covid-19-KKTC-Icin-Senaryo-Calismasi.pdf&#8221;][\/vc_column][vc_column width=&#8221;1\/3&#8243;][vc_single_image image=&#8221;1847&#8243; img_size=&#8221;full&#8221; style=&#8221;vc_box_border&#8221; onclick=&#8221;custom_link&#8221; img_link_target=&#8221;_blank&#8221; css_animation=&#8221;slideInUp&#8221; link=&#8221;http:\/\/kaanhurelli.com\/lipanew\/wp-content\/uploads\/2021\/05\/Lipa_COVID-19-Krizinin-Isletmeler-Uzerindeki-Etkisi-ve-Yonetici-Gorusleri-Anketi.pdf&#8221;][\/vc_column][\/vc_row][vc_row][vc_column width=&#8221;1\/3&#8243;][vc_single_image image=&#8221;1856&#8243; img_size=&#8221;full&#8221; style=&#8221;vc_box_border&#8221; onclick=&#8221;custom_link&#8221; img_link_target=&#8221;_blank&#8221; css_animation=&#8221;slideInUp&#8221; link=&#8221;http:\/\/kaanhurelli.com\/lipanew\/wp-content\/uploads\/2021\/05\/Perceptions-of-Cypriots-about-Refugees-and-Migrants-July-2015.pdf&#8221; css=&#8221;.vc_custom_1622491372851{border-radius: 1px !important;}&#8221;][\/vc_column][vc_column width=&#8221;1\/3&#8243;][vc_single_image image=&#8221;1859&#8243; img_size=&#8221;full&#8221; style=&#8221;vc_box_border&#8221; onclick=&#8221;custom_link&#8221; img_link_target=&#8221;_blank&#8221; css_animation=&#8221;slideInUp&#8221; link=&#8221;http:\/\/kaanhurelli.com\/lipanew\/wp-content\/uploads\/2021\/05\/Standart-Eurobarometer-86-Autumn-2016-National-Report-Turkish-Cypriot-Community-written-in-Turkish-local-language-only.pdf&#8221;][\/vc_column][vc_column width=&#8221;1\/3&#8243;][vc_single_image image=&#8221;1861&#8243; img_size=&#8221;full&#8221; style=&#8221;vc_box_border&#8221; onclick=&#8221;custom_link&#8221; img_link_target=&#8221;_blank&#8221; css_animation=&#8221;slideInUp&#8221; link=&#8221;http:\/\/kaanhurelli.com\/lipanew\/wp-content\/uploads\/2021\/05\/Standart-Eurobarometer-88-Autumn-2017-National-Report-Turkish-Cypriot-Community-written-in-Turkish-local-language-only.pdf&#8221;][\/vc_column][\/vc_row][vc_row][vc_column width=&#8221;1\/3&#8243;][vc_single_image image=&#8221;1864&#8243; img_size=&#8221;full&#8221; style=&#8221;vc_box_border&#8221; onclick=&#8221;custom_link&#8221; img_link_target=&#8221;_blank&#8221; css_animation=&#8221;slideInUp&#8221; link=&#8221;http:\/\/kaanhurelli.com\/lipanew\/wp-content\/uploads\/2021\/05\/Standart-Eurobarometer-90-Autumn-2018-National-Report-Turkish-Cypriot-Community-written-in-Turkish-local-language-only.pdf&#8221; css=&#8221;.vc_custom_1622491829372{border-radius: 1px !important;}&#8221;][\/vc_column][vc_column width=&#8221;1\/3&#8243;][vc_single_image image=&#8221;1866&#8243; img_size=&#8221;full&#8221; style=&#8221;vc_box_border&#8221; onclick=&#8221;custom_link&#8221; img_link_target=&#8221;_blank&#8221; css_animation=&#8221;slideInUp&#8221; link=&#8221;http:\/\/kaanhurelli.com\/lipanew\/wp-content\/uploads\/2021\/05\/Standart-Eurobarometer-92-Autumn-2019-National-Report-Turkish-Cypriot-Community-written-in-Turkish-local-language-only.pdf&#8221;][\/vc_column][vc_column width=&#8221;1\/3&#8243;][vc_single_image image=&#8221;1868&#8243; img_size=&#8221;full&#8221; style=&#8221;vc_box_border&#8221; onclick=&#8221;custom_link&#8221; img_link_target=&#8221;_blank&#8221; css_animation=&#8221;slideInUp&#8221; link=&#8221;http:\/\/kaanhurelli.com\/lipanew\/wp-content\/uploads\/2021\/05\/Perceptions_FULL-REPORT-FINAL_8March2019.pdf&#8221;][\/vc_column][\/vc_row][vc_row][vc_column width=&#8221;1\/3&#8243;][vc_single_image image=&#8221;1870&#8243; img_size=&#8221;full&#8221; style=&#8221;vc_box_border&#8221; onclick=&#8221;custom_link&#8221; img_link_target=&#8221;_blank&#8221; css_animation=&#8221;slideInUp&#8221; link=&#8221;http:\/\/kaanhurelli.com\/lipanew\/wp-content\/uploads\/2021\/05\/Corruption-Perception-Index-2018-North-Cyprus.pdf&#8221; css=&#8221;.vc_custom_1622492324986{border-radius: 1px !important;}&#8221;][\/vc_column][vc_column width=&#8221;1\/3&#8243;][vc_single_image image=&#8221;1871&#8243; img_size=&#8221;full&#8221; style=&#8221;vc_box_border&#8221; onclick=&#8221;custom_link&#8221; img_link_target=&#8221;_blank&#8221; css_animation=&#8221;slideInUp&#8221; link=&#8221;http:\/\/kaanhurelli.com\/lipanew\/wp-content\/uploads\/2021\/05\/Corruption-Perception-Index-2019-North-Cyprus-in-Turkish.pdf&#8221;][\/vc_column][vc_column width=&#8221;1\/3&#8243;][vc_single_image image=&#8221;1874&#8243; img_size=&#8221;full&#8221; style=&#8221;vc_box_border&#8221; onclick=&#8221;custom_link&#8221; img_link_target=&#8221;_blank&#8221; css_animation=&#8221;slideInUp&#8221; link=&#8221;http:\/\/kaanhurelli.com\/lipanew\/wp-content\/uploads\/2021\/05\/the-perceptions-of-cypriot-youth-matter.pdf&#8221;][\/vc_column][\/vc_row][vc_row][vc_column width=&#8221;1\/3&#8243;][vc_single_image image=&#8221;1875&#8243; img_size=&#8221;full&#8221; style=&#8221;vc_box_border&#8221; onclick=&#8221;custom_link&#8221; img_link_target=&#8221;_blank&#8221; css_animation=&#8221;slideInUp&#8221; link=&#8221;http:\/\/kaanhurelli.com\/lipanew\/wp-content\/uploads\/2021\/05\/KTSO_Yerli_Urun_Kullanim_Aliskanliklari_Sonuclar_2015.pptx.pdf&#8221; css=&#8221;.vc_custom_1622492777787{border-radius: 1px !important;}&#8221;][\/vc_column][vc_column width=&#8221;1\/3&#8243;][vc_single_image image=&#8221;1878&#8243; img_size=&#8221;full&#8221; style=&#8221;vc_box_border&#8221; onclick=&#8221;custom_link&#8221; img_link_target=&#8221;_blank&#8221; css_animation=&#8221;slideInUp&#8221; link=&#8221;http:\/\/kaanhurelli.com\/lipanew\/wp-content\/uploads\/2021\/05\/Saglik_Kurumlarina_Guven_Anketi_Sonuclari_Lipa-20151.pdf&#8221;][\/vc_column][vc_column width=&#8221;1\/3&#8243;][vc_single_image image=&#8221;1880&#8243; img_size=&#8221;full&#8221; style=&#8221;vc_box_border&#8221; onclick=&#8221;custom_link&#8221; img_link_target=&#8221;_blank&#8221; css_animation=&#8221;slideInUp&#8221; link=&#8221;http:\/\/kaanhurelli.com\/lipanew\/wp-content\/uploads\/2021\/05\/Corruption-Barometer-2020-Turkish-Cypriot-Community-in-Turkish.pdf&#8221;][\/vc_column][\/vc_row][vc_row][vc_column width=&#8221;1\/3&#8243;][vc_single_image image=&#8221;2033&#8243; img_size=&#8221;full&#8221; style=&#8221;vc_box_border&#8221; onclick=&#8221;custom_link&#8221; img_link_target=&#8221;_blank&#8221; css_animation=&#8221;slideInUp&#8221; link=&#8221;http:\/\/kaanhurelli.com\/lipanew\/wp-content\/uploads\/2021\/06\/LIPA_Sosyo_Ekonomik_Durum_ve_Pandemi_Yonetimi_Arastirmasi_022021.pdf&#8221; css=&#8221;.vc_custom_1623499883211{border-radius: 1px !important;}&#8221;][\/vc_column][vc_column width=&#8221;1\/3&#8243;][vc_single_image image=&#8221;2036&#8243; img_size=&#8221;full&#8221; style=&#8221;vc_box_border&#8221; onclick=&#8221;custom_link&#8221; img_link_target=&#8221;_blank&#8221; css_animation=&#8221;slideInUp&#8221; link=&#8221;http:\/\/kaanhurelli.com\/lipanew\/wp-content\/uploads\/2021\/06\/LIPA-Sosyo_Ekonomik_Durum_ve_Pandemi_Yonetimi_Arastirmasi_032021.pdf&#8221;][\/vc_column][vc_column width=&#8221;1\/3&#8243;][\/vc_column][\/vc_row][vc_section full_width=&#8221;stretch_row&#8221; css=&#8221;.vc_custom_1481466023488{margin-bottom: -40px !important;padding-top: 0px !important;}&#8221;][vc_row full_width=&#8221;stretch_row&#8221; content_placement=&#8221;middle&#8221; css=&#8221;.vc_custom_1622972045656{margin-bottom: 0px !important;padding-top: 20px !important;padding-bottom: 20px !important;background: #942b26 url(http:\/\/dummy.xtemos.com\/basel\/vers\/wp-content\/uploads\/sites\/3\/2017\/01\/info-call-1.png?id=602) !important;background-position: 0 0 !important;background-repeat: no-repeat !important;}&#8221;][vc_column width=&#8221;5\/6&#8243; basel_color_scheme=&#8221;light&#8221; css=&#8221;.vc_custom_1481460303734{padding-top: 20px !important;padding-bottom: 20px !important;}&#8221;][vc_column_text css=&#8221;.vc_custom_1619644616891{margin-bottom: 0px !important;}&#8221;]<\/p>\n<p style=\"font-size: 37px; font-weight: 300; color: white; margin-bottom: 0px; line-height: 45px;\">T\u00fcm sorular\u0131n\u0131z i\u00e7in bize ula\u015f\u0131n.<\/p>\n<p style=\"font-size: 30px;\"><strong>+90 533 885 8101 \/ +90 392 228 0810<\/strong><\/p>\n<p>[\/vc_column_text][\/vc_column][vc_column width=&#8221;1\/6&#8243; css=&#8221;.vc_custom_1481367707658{padding-top: 0px !important;}&#8221;][vc_btn title=&#8221;<strong>\u0130LET\u0130\u015e\u0130M<\/strong>&#8221; style=&#8221;custom&#8221; custom_background=&#8221;#ffffff&#8221; custom_text=&#8221;#942b26&#8243; shape=&#8221;square&#8221; size=&#8221;lg&#8221; align=&#8221;center&#8221; css=&#8221;.vc_custom_1622972765604{margin-bottom: 0px !important;}&#8221; link=&#8221;url:http%3A%2F%2Fkaanhurelli.com%2Flipanew%2Filetisim%2F|title:%C4%B0LET%C4%B0%C5%9E%C4%B0M&#8221;][\/vc_column][\/vc_row][\/vc_section]<\/p>\n","protected":false},"excerpt":{"rendered":"<p>[vc_row][vc_column width=&#8221;1\/3&#8243;][vc_single_image image=&#8221;1839&#8243; img_size=&#8221;full&#8221; style=&#8221;vc_box_border&#8221; onclick=&#8221;custom_link&#8221; img_link_target=&#8221;_blank&#8221; css_animation=&#8221;slideInUp&#8221; link=&#8221;http:\/\/kaanhurelli.com\/lipanew\/wp-content\/uploads\/2021\/05\/Lipa_Covid-19-Isletme-Anketi-2-Kasim-2020-RAPOR.pdf&#8221; css=&#8221;.vc_custom_1622490902237{border-radius: 1px !important;}&#8221;][\/vc_column][vc_column width=&#8221;1\/3&#8243;][vc_single_image image=&#8221;1849&#8243; img_size=&#8221;full&#8221; style=&#8221;vc_box_border&#8221; onclick=&#8221;custom_link&#8221; img_link_target=&#8221;_blank&#8221; css_animation=&#8221;slideInUp&#8221; link=&#8221;http:\/\/kaanhurelli.com\/lipanew\/wp-content\/uploads\/2021\/05\/Lipa_Covid-19-KKTC-Icin-Senaryo-Calismasi.pdf&#8221;][\/vc_column][vc_column<\/p>\n","protected":false},"author":1,"featured_media":0,"parent":0,"menu_order":0,"comment_status":"closed","ping_status":"closed","template":"","meta":{"footnotes":""},"class_list":["post-1518","page","type-page","status-publish","hentry"],"_links":{"self":[{"href":"http:\/\/kaanhurelli.com\/lipanew\/wp-json\/wp\/v2\/pages\/1518","targetHints":{"allow":["GET"]}}],"collection":[{"href":"http:\/\/kaanhurelli.com\/lipanew\/wp-json\/wp\/v2\/pages"}],"about":[{"href":"http:\/\/kaanhurelli.com\/lipanew\/wp-json\/wp\/v2\/types\/page"}],"author":[{"embeddable":true,"href":"http:\/\/kaanhurelli.com\/lipanew\/wp-json\/wp\/v2\/users\/1"}],"replies":[{"embeddable":true,"href":"http:\/\/kaanhurelli.com\/lipanew\/wp-json\/wp\/v2\/comments?post=1518"}],"version-history":[{"count":16,"href":"http:\/\/kaanhurelli.com\/lipanew\/wp-json\/wp\/v2\/pages\/1518\/revisions"}],"predecessor-version":[{"id":2037,"href":"http:\/\/kaanhurelli.com\/lipanew\/wp-json\/wp\/v2\/pages\/1518\/revisions\/2037"}],"wp:attachment":[{"href":"http:\/\/kaanhurelli.com\/lipanew\/wp-json\/wp\/v2\/media?parent=1518"}],"curies":[{"name":"wp","href":"https:\/\/api.w.org\/{rel}","templated":true}]}}