{"id":1606,"date":"2021-05-02T18:32:14","date_gmt":"2021-05-02T18:32:14","guid":{"rendered":"http:\/\/kaanhurelli.com\/lipanew\/?page_id=1606"},"modified":"2021-06-06T09:53:10","modified_gmt":"2021-06-06T09:53:10","slug":"kurumsal-yeniden-yapilandirma","status":"publish","type":"page","link":"http:\/\/kaanhurelli.com\/lipanew\/danismanlik\/organizasyon\/kurumsal-yeniden-yapilandirma\/","title":{"rendered":"KURUMSAL YEN\u0130DEN YAPILANDIRMA"},"content":{"rendered":"<p>[vc_row][vc_column][vc_empty_space height=&#8221;20px&#8221;][vc_custom_heading text=&#8221;\u015eirketinizi Gelece\u011fe Haz\u0131rlay\u0131n&#8221; font_container=&#8221;tag:h2|text_align:center&#8221; google_fonts=&#8221;font_family:Archivo%20Black%3Aregular|font_style:400%20regular%3A400%3Anormal&#8221;][vc_empty_space height=&#8221;20px&#8221;][\/vc_column][\/vc_row][vc_row][vc_column width=&#8221;1\/2&#8243;][vc_column_text]S\u00fcrekli yenilenen ve de\u011fi\u015fen i\u015f d\u00fcnyas\u0131, artan rekabet, geli\u015fen teknoloji ve de\u011fi\u015fen m\u00fc\u015fteri davran\u0131\u015flar\u0131 \u015firketleri de ka\u00e7\u0131n\u0131lmaz ve s\u00fcrekli \u015fekilde bir de\u011fi\u015fime zorlamaktad\u0131r.<\/p>\n<p>Lipa olarak de\u011fi\u015fen ve artan bu rekabet ortam\u0131nda \u015firketlerin daha \u00f6l\u00e7\u00fclebilir ve kontrol edilebilir ama ayn\u0131 zamanda de\u011fi\u015fimlere ve krizlere daha iyi adaptasyon sa\u011flayabilecek \u015fekilde de\u011fi\u015fmelerine destek oluyoruz.<\/p>\n<p>\u015eirketinizin hedeflerine ula\u015fabilmesi ve de\u011fi\u015fen rekabet ortam\u0131na daha iyi uyum sa\u011flayabilmesi i\u00e7in bu d\u00f6n\u00fc\u015f\u00fcm s\u00fcrecini verilerle planlay\u0131p sizlerle birlikte uygulamaktay\u0131z. Bu kapsamda \u00e7al\u0131\u015ft\u0131\u011f\u0131m\u0131z m\u00fc\u015fterimizin yeni yap\u0131lanmalar\u0131 i\u00e7erisinde \u00e7ok daha verimli ve rekabet\u00e7i bir hale geldiklerimi yapt\u0131\u011f\u0131m\u0131z analizler ile g\u00f6rebilmekteyiz.[\/vc_column_text][\/vc_column][vc_column width=&#8221;1\/2&#8243;][vc_single_image image=&#8221;1473&#8243; img_size=&#8221;full&#8221;][\/vc_column][\/vc_row][vc_section full_width=&#8221;stretch_row&#8221; css=&#8221;.vc_custom_1481466023488{margin-bottom: -40px !important;padding-top: 0px !important;}&#8221;][vc_row full_width=&#8221;stretch_row&#8221; content_placement=&#8221;middle&#8221; css=&#8221;.vc_custom_1622973184384{margin-bottom: 0px !important;padding-top: 20px !important;padding-bottom: 20px !important;background: #942b26 url(http:\/\/dummy.xtemos.com\/basel\/vers\/wp-content\/uploads\/sites\/3\/2017\/01\/info-call-1.png?id=602) !important;background-position: 0 0 !important;background-repeat: no-repeat !important;}&#8221;][vc_column width=&#8221;5\/6&#8243; basel_color_scheme=&#8221;light&#8221; css=&#8221;.vc_custom_1481460303734{padding-top: 20px !important;padding-bottom: 20px !important;}&#8221;][vc_column_text css=&#8221;.vc_custom_1619644616891{margin-bottom: 0px !important;}&#8221;]<\/p>\n<p style=\"font-size: 37px; font-weight: 300; color: white; margin-bottom: 0px; line-height: 45px;\">T\u00fcm sorular\u0131n\u0131z i\u00e7in bize ula\u015f\u0131n.<\/p>\n<p style=\"font-size: 30px;\"><strong>+90 533 885 8101 \/ +90 392 228 0810<\/strong><\/p>\n<p>[\/vc_column_text][\/vc_column][vc_column width=&#8221;1\/6&#8243; css=&#8221;.vc_custom_1481367707658{padding-top: 0px !important;}&#8221;][vc_btn title=&#8221;<strong>\u0130LET\u0130\u015e\u0130M<\/strong>&#8221; style=&#8221;custom&#8221; custom_background=&#8221;#ffffff&#8221; custom_text=&#8221;#942b26&#8243; shape=&#8221;square&#8221; size=&#8221;lg&#8221; align=&#8221;center&#8221; css=&#8221;.vc_custom_1622973220220{margin-bottom: 0px !important;}&#8221; link=&#8221;url:http%3A%2F%2Fkaanhurelli.com%2Flipanew%2Filetisim%2F|title:%C4%B0LET%C4%B0%C5%9E%C4%B0M&#8221;][\/vc_column][\/vc_row][\/vc_section]<\/p>\n","protected":false},"excerpt":{"rendered":"<p>[vc_row][vc_column][vc_empty_space height=&#8221;20px&#8221;][vc_custom_heading text=&#8221;\u015eirketinizi Gelece\u011fe Haz\u0131rlay\u0131n&#8221; font_container=&#8221;tag:h2|text_align:center&#8221; google_fonts=&#8221;font_family:Archivo%20Black%3Aregular|font_style:400%20regular%3A400%3Anormal&#8221;][vc_empty_space height=&#8221;20px&#8221;][\/vc_column][\/vc_row][vc_row][vc_column width=&#8221;1\/2&#8243;][vc_column_text]S\u00fcrekli yenilenen ve de\u011fi\u015fen i\u015f d\u00fcnyas\u0131, artan rekabet, geli\u015fen teknoloji ve de\u011fi\u015fen<\/p>\n","protected":false},"author":1,"featured_media":0,"parent":1509,"menu_order":0,"comment_status":"closed","ping_status":"closed","template":"","meta":{"footnotes":""},"class_list":["post-1606","page","type-page","status-publish","hentry"],"_links":{"self":[{"href":"http:\/\/kaanhurelli.com\/lipanew\/wp-json\/wp\/v2\/pages\/1606","targetHints":{"allow":["GET"]}}],"collection":[{"href":"http:\/\/kaanhurelli.com\/lipanew\/wp-json\/wp\/v2\/pages"}],"about":[{"href":"http:\/\/kaanhurelli.com\/lipanew\/wp-json\/wp\/v2\/types\/page"}],"author":[{"embeddable":true,"href":"http:\/\/kaanhurelli.com\/lipanew\/wp-json\/wp\/v2\/users\/1"}],"replies":[{"embeddable":true,"href":"http:\/\/kaanhurelli.com\/lipanew\/wp-json\/wp\/v2\/comments?post=1606"}],"version-history":[{"count":5,"href":"http:\/\/kaanhurelli.com\/lipanew\/wp-json\/wp\/v2\/pages\/1606\/revisions"}],"predecessor-version":[{"id":1957,"href":"http:\/\/kaanhurelli.com\/lipanew\/wp-json\/wp\/v2\/pages\/1606\/revisions\/1957"}],"up":[{"embeddable":true,"href":"http:\/\/kaanhurelli.com\/lipanew\/wp-json\/wp\/v2\/pages\/1509"}],"wp:attachment":[{"href":"http:\/\/kaanhurelli.com\/lipanew\/wp-json\/wp\/v2\/media?parent=1606"}],"curies":[{"name":"wp","href":"https:\/\/api.w.org\/{rel}","templated":true}]}}